{"id":52,"date":"2021-09-02T10:02:51","date_gmt":"2021-09-02T10:02:51","guid":{"rendered":"https:\/\/piezapieza.com\/?page_id=52"},"modified":"2025-09-18T23:13:38","modified_gmt":"2025-09-18T21:13:38","slug":"colibri-wp","status":"publish","type":"page","link":"https:\/\/piezapieza.com\/","title":{"rendered":"Front Page"},"content":{"rendered":"<div data-colibri-id=\"52-c1\" class=\"style-194 style-local-52-c1 position-relative\">\n  <!---->\n  <div data-colibri-component=\"section\" data-colibri-id=\"52-c2\" id=\"overlappable-2\" class=\"h-section h-section-global-spacing d-flex align-items-lg-center align-items-md-center align-items-center style-203 style-local-52-c2 position-relative\">\n    <!---->\n    <!---->\n    <div class=\"h-section-grid-container h-section-boxed-container\">\n      <!---->\n      <div data-colibri-id=\"52-c3\" class=\"h-row-container gutters-row-lg-0 gutters-row-md-0 gutters-row-2 gutters-row-v-lg-0 gutters-row-v-md-0 gutters-row-v-2 style-204 style-local-52-c3 position-relative\">\n        <!---->\n        <div class=\"h-row justify-content-lg-center justify-content-md-center justify-content-center align-items-lg-stretch align-items-md-stretch align-items-stretch gutters-col-lg-0 gutters-col-md-0 gutters-col-2 gutters-col-v-lg-0 gutters-col-v-md-0 gutters-col-v-2\">\n          <!---->\n          <div class=\"h-column h-column-container d-flex h-col-lg-3 h-col-md-3 h-col-12 style-205-outer style-local-52-c4-outer\">\n            <div data-colibri-id=\"52-c4\" class=\"d-flex h-flex-basis h-column__inner h-px-lg-3 h-px-md-3 h-px-2 v-inner-lg-3 v-inner-md-3 v-inner-2 style-205 style-local-52-c4 position-relative\">\n              <!---->\n              <!---->\n              <div class=\"w-100 h-y-container h-column__content h-column__v-align flex-basis-100 align-self-lg-center align-self-md-center align-self-center\">\n                <!---->\n                <div data-colibri-id=\"52-c5\" class=\"h-icon style-206 style-local-52-c5 position-relative h-element\">\n                  <!----><span class=\"h-svg-icon h-icon__icon style-206-icon style-local-52-c5-icon\"><!--Icon by Font Awesome (https:\/\/fontawesome.com)-->\n    <svg version=\"1.1\" xmlns=\"http:\/\/www.w3.org\/2000\/svg\" xmlns:xlink=\"http:\/\/www.w3.org\/1999\/xlink\" id=\"book\" viewBox=\"0 0 1664 1896.0833\">\n      <path d=\"M1639 478q40 57 18 129l-275 906q-19 64-76.5 107.5T1183 1664H260q-77 0-148.5-53.5T12 1479q-24-67-2-127 0-4 3-27t4-37q1-8-3-21.5t-3-19.5q2-11 8-21t16.5-23.5T52 1179q23-38 45-91.5t30-91.5q3-10 .5-30t-.5-28q3-11 17-28t17-23q21-36 42-92t25-90q1-9-2.5-32t.5-28q4-13 22-30.5t22-22.5q19-26 42.5-84.5T340 411q1-8-3-25.5t-2-26.5q2-8 9-18t18-23 17-21q8-12 16.5-30.5t15-35 16-36 19.5-32 26.5-23.5 36-11.5T556 134l-1 3q38-9 51-9h761q74 0 114 56t18 130l-274 906q-36 119-71.5 153.5T1025 1408H156q-27 0-38 15-11 16-1 43 24 70 144 70h923q29 0 56-15.5t35-41.5l300-987q7-22 5-57 38 15 59 43zm-1064 2q-4 13 2 22.5t20 9.5h608q13 0 25.5-9.5T1247 480l21-64q4-13-2-22.5t-20-9.5H638q-13 0-25.5 9.5T596 416zm-83 256q-4 13 2 22.5t20 9.5h608q13 0 25.5-9.5T1164 736l21-64q4-13-2-22.5t-20-9.5H555q-13 0-25.5 9.5T513 672z\"><\/path>\n    <\/svg><\/span><\/div>\n                <div data-colibri-id=\"52-c6\" class=\"h-global-transition-all h-heading style-207 style-local-52-c6 position-relative h-element\">\n                  <!---->\n                  <div class=\"h-heading__outer style-207 style-local-52-c6\">\n                    <!---->\n                    <!---->\n                    <h6 class=\"\">Temarios actualizados y supuestos pr\u00e1cticos<\/h6>\n                  <\/div>\n                <\/div>\n                <div data-colibri-id=\"52-c7\" class=\"h-text h-text-component style-208 style-local-52-c7 position-relative h-element\">\n                  <!---->\n                  <!---->\n                  <div class=\"\">\n                    <p>Elaborados y modificados acordes a la legislaci\u00f3n vigente.<\/p>\n                  <\/div>\n                <\/div>\n              <\/div>\n            <\/div>\n          <\/div>\n          <div class=\"h-column h-column-container d-flex h-col-lg-3 h-col-md-3 h-col-12 style-205-outer style-local-52-c8-outer\">\n            <div data-colibri-id=\"52-c8\" class=\"d-flex h-flex-basis h-column__inner h-px-lg-3 h-px-md-3 h-px-2 v-inner-lg-3 v-inner-md-3 v-inner-2 style-205 style-local-52-c8 position-relative\">\n              <!---->\n              <!---->\n              <div class=\"w-100 h-y-container h-column__content h-column__v-align flex-basis-100 align-self-lg-center align-self-md-center align-self-center\">\n                <!---->\n                <div data-colibri-id=\"52-c9\" class=\"h-icon style-206 style-local-52-c9 position-relative h-element\">\n                  <!----><span class=\"h-svg-icon h-icon__icon style-206-icon style-local-52-c9-icon\"><!--Icon by Font Awesome (https:\/\/fontawesome.com)-->\n    <svg version=\"1.1\" xmlns=\"http:\/\/www.w3.org\/2000\/svg\" xmlns:xlink=\"http:\/\/www.w3.org\/1999\/xlink\" id=\"pencil-square-o\" viewBox=\"0 0 1792 1896.0833\">\n      <path d=\"M888 1184l116-116-152-152-116 116v56h96v96h56zm440-720q-16-16-33 1L945 815q-17 17-1 33t33-1l350-350q17-17 1-33zm80 594v190q0 119-84.5 203.5T1120 1536H288q-119 0-203.5-84.5T0 1248V416q0-119 84.5-203.5T288 128h832q63 0 117 25 15 7 18 23 3 17-9 29l-49 49q-14 14-32 8-23-6-45-6H288q-66 0-113 47t-47 113v832q0 66 47 113t113 47h832q66 0 113-47t47-113v-126q0-13 9-22l64-64q15-15 35-7t20 29zm-96-738l288 288-672 672H640V992zm444 132l-92 92-288-288 92-92q28-28 68-28t68 28l152 152q28 28 28 68t-28 68z\"><\/path>\n    <\/svg><\/span><\/div>\n                <div data-colibri-id=\"52-c10\" class=\"h-global-transition-all h-heading style-207 style-local-52-c10 position-relative h-element\">\n                  <!---->\n                  <div class=\"h-heading__outer style-207 style-local-52-c10\">\n                    <!---->\n                    <!---->\n                    <h6 class=\"\">programas de intervenci\u00f3n<\/h6>\n                  <\/div>\n                <\/div>\n                <div data-colibri-id=\"52-c11\" class=\"h-text h-text-component style-208 style-local-52-c11 position-relative h-element\">\n                  <!---->\n                  <!---->\n                  <div class=\"\">\n                    <p>Innovadores y actualizados a legislaci\u00f3n vigente.<\/p>\n                  <\/div>\n                <\/div>\n              <\/div>\n            <\/div>\n          <\/div>\n          <div class=\"h-column h-column-container d-flex h-col-lg-3 h-col-md-3 h-col-12 style-205-outer style-local-52-c12-outer\">\n            <div data-colibri-id=\"52-c12\" class=\"d-flex h-flex-basis h-column__inner h-px-lg-3 h-px-md-3 h-px-2 v-inner-lg-3 v-inner-md-3 v-inner-2 style-205 style-local-52-c12 position-relative\">\n              <!---->\n              <!---->\n              <div class=\"w-100 h-y-container h-column__content h-column__v-align flex-basis-100 align-self-lg-center align-self-md-center align-self-center\">\n                <!---->\n                <div data-colibri-id=\"52-c13\" class=\"h-icon style-206 style-local-52-c13 position-relative h-element\">\n                  <!----><span class=\"h-svg-icon h-icon__icon style-206-icon style-local-52-c13-icon\"><!--Icon by Font Awesome (https:\/\/fontawesome.com)-->\n    <svg version=\"1.1\" xmlns=\"http:\/\/www.w3.org\/2000\/svg\" xmlns:xlink=\"http:\/\/www.w3.org\/1999\/xlink\" id=\"download\" viewBox=\"0 0 1664 1896.0833\">\n      <path d=\"M1280 1344q0-26-19-45t-45-19-45 19-19 45 19 45 45 19 45-19 19-45zm256 0q0-26-19-45t-45-19-45 19-19 45 19 45 45 19 45-19 19-45zm128-224v320q0 40-28 68t-68 28H96q-40 0-68-28t-28-68v-320q0-40 28-68t68-28h465l135 136q58 56 136 56t136-56l136-136h464q40 0 68 28t28 68zm-325-569q17 41-14 70l-448 448q-18 19-45 19t-45-19L339 621q-31-29-14-70 17-39 59-39h256V64q0-26 19-45t45-19h256q26 0 45 19t19 45v448h256q42 0 59 39z\"><\/path>\n    <\/svg><\/span><\/div>\n                <div data-colibri-id=\"52-c14\" class=\"h-global-transition-all h-heading style-207 style-local-52-c14 position-relative h-element\">\n                  <!---->\n                  <div class=\"h-heading__outer style-207 style-local-52-c14\">\n                    <!---->\n                    <!---->\n                    <h6 class=\"\">contenido multimedia<\/h6>\n                  <\/div>\n                <\/div>\n                <div data-colibri-id=\"52-c15\" class=\"h-text h-text-component style-208 style-local-52-c15 position-relative h-element\">\n                  <!---->\n                  <!---->\n                  <div class=\"\">\n                    <p>Grabado y seleccionado para apoyarte en tu preparaci\u00f3n.<\/p>\n                  <\/div>\n                <\/div>\n              <\/div>\n            <\/div>\n          <\/div>\n          <div class=\"h-column h-column-container d-flex h-col-lg-3 h-col-md-3 h-col-12 style-209-outer style-local-52-c16-outer\">\n            <div data-colibri-id=\"52-c16\" class=\"d-flex h-flex-basis h-column__inner h-px-lg-3 h-px-md-3 h-px-2 v-inner-lg-3 v-inner-md-3 v-inner-2 style-209 style-local-52-c16 position-relative\">\n              <!---->\n              <!---->\n              <div class=\"w-100 h-y-container h-column__content h-column__v-align flex-basis-100 align-self-lg-center align-self-md-center align-self-center\">\n                <!---->\n                <div data-colibri-id=\"52-c17\" class=\"h-icon style-206 style-local-52-c17 position-relative h-element\">\n                  <!----><span class=\"h-svg-icon h-icon__icon style-206-icon style-local-52-c17-icon\"><!--Icon by Font Awesome (https:\/\/fontawesome.com)-->\n    <svg version=\"1.1\" xmlns=\"http:\/\/www.w3.org\/2000\/svg\" xmlns:xlink=\"http:\/\/www.w3.org\/1999\/xlink\" id=\"laptop\" viewBox=\"0 0 1920 1896.0833\">\n      <path d=\"M416 1280q-66 0-113-47t-47-113V416q0-66 47-113t113-47h1088q66 0 113 47t47 113v704q0 66-47 113t-113 47H416zm-32-864v704q0 13 9.5 22.5t22.5 9.5h1088q13 0 22.5-9.5t9.5-22.5V416q0-13-9.5-22.5T1504 384H416q-13 0-22.5 9.5T384 416zm1376 928h160v96q0 40-47 68t-113 28H160q-66 0-113-28t-47-68v-96h1760zm-720 96q16 0 16-16t-16-16H880q-16 0-16 16t16 16h160z\"><\/path>\n    <\/svg><\/span><\/div>\n                <div data-colibri-id=\"52-c18\" class=\"h-global-transition-all h-heading style-207 style-local-52-c18 position-relative h-element\">\n                  <!---->\n                  <div class=\"h-heading__outer style-207 style-local-52-c18\">\n                    <!---->\n                    <!---->\n                    <h6 class=\"\">online\n                      <br>presencial<\/h6>\n                  <\/div>\n                <\/div>\n                <div data-colibri-id=\"52-c19\" class=\"h-text h-text-component style-208 style-local-52-c19 position-relative h-element\">\n                  <!---->\n                  <!---->\n                  <div class=\"\">\n                    <p>Accede a todos tus contenidos cuando y desde donde t\u00fa quieras.&nbsp;<\/p>\n                  <\/div>\n                <\/div>\n              <\/div>\n            <\/div>\n          <\/div>\n          <div class=\"h-column h-column-container d-flex h-col-lg-3 h-col-md-3 h-col-12 style-214-outer style-local-52-c20-outer\">\n            <div data-colibri-id=\"52-c20\" class=\"d-flex h-flex-basis h-column__inner h-ui-empty-state-container h-px-lg-2 h-px-md-2 h-px-2 v-inner-lg-2 v-inner-md-2 v-inner-2 style-214 style-local-52-c20 position-relative\">\n              <!---->\n              <!---->\n              <div class=\"w-100 h-y-container h-column__content h-column__v-align flex-basis-100\">\n                <!---->\n              <\/div>\n            <\/div>\n          <\/div>\n        <\/div>\n      <\/div>\n    <\/div>\n  <\/div>\n<\/div>","protected":false},"excerpt":{"rendered":"<p>Temarios actualizados y supuestos pr\u00e1cticos Elaborados y modificados acordes a la legislaci\u00f3n vigente. programas de intervenci\u00f3n Innovadores y actualizados a legislaci\u00f3n vigente. contenido multimedia Grabado y seleccionado para apoyarte en tu preparaci\u00f3n. online presencial Accede a todos tus contenidos cuando y desde donde t\u00fa quieras.&nbsp;<\/p>\n","protected":false},"author":2,"featured_media":0,"parent":0,"menu_order":0,"comment_status":"closed","ping_status":"closed","template":"page-templates\/homepage.php","meta":{"footnotes":""},"class_list":["post-52","page","type-page","status-publish","hentry"],"yoast_head":"<!-- This site is optimized with the Yoast SEO plugin v27.4 - https:\/\/yoast.com\/product\/yoast-seo-wordpress\/ -->\n<title>Front Page - Pieza a Pieza<\/title>\n<meta name=\"robots\" content=\"index, follow, max-snippet:-1, max-image-preview:large, max-video-preview:-1\" \/>\n<link rel=\"canonical\" href=\"https:\/\/piezapieza.com\/\" \/>\n<meta property=\"og:locale\" content=\"es_ES\" \/>\n<meta property=\"og:type\" content=\"article\" \/>\n<meta property=\"og:title\" content=\"Front Page - Pieza a Pieza\" \/>\n<meta property=\"og:description\" content=\"Temarios actualizados y supuestos pr\u00e1cticos Elaborados y modificados acordes a la legislaci\u00f3n vigente. programas de intervenci\u00f3n Innovadores y actualizados a legislaci\u00f3n vigente. contenido multimedia Grabado y seleccionado para apoyarte en tu preparaci\u00f3n. online presencial Accede a todos tus contenidos cuando y desde donde t\u00fa quieras.&nbsp;\" \/>\n<meta property=\"og:url\" content=\"https:\/\/piezapieza.com\/\" \/>\n<meta property=\"og:site_name\" content=\"Pieza a Pieza\" \/>\n<meta property=\"article:modified_time\" content=\"2025-09-18T21:13:38+00:00\" \/>\n<meta name=\"twitter:card\" content=\"summary_large_image\" \/>\n<script type=\"application\/ld+json\" class=\"yoast-schema-graph\">{\"@context\":\"https:\\\/\\\/schema.org\",\"@graph\":[{\"@type\":\"WebPage\",\"@id\":\"https:\\\/\\\/piezapieza.com\\\/\",\"url\":\"https:\\\/\\\/piezapieza.com\\\/\",\"name\":\"Front Page - Pieza a Pieza\",\"isPartOf\":{\"@id\":\"https:\\\/\\\/piezapieza.com\\\/#website\"},\"datePublished\":\"2021-09-02T10:02:51+00:00\",\"dateModified\":\"2025-09-18T21:13:38+00:00\",\"breadcrumb\":{\"@id\":\"https:\\\/\\\/piezapieza.com\\\/#breadcrumb\"},\"inLanguage\":\"es\",\"potentialAction\":[{\"@type\":\"ReadAction\",\"target\":[\"https:\\\/\\\/piezapieza.com\\\/\"]}]},{\"@type\":\"BreadcrumbList\",\"@id\":\"https:\\\/\\\/piezapieza.com\\\/#breadcrumb\",\"itemListElement\":[{\"@type\":\"ListItem\",\"position\":1,\"name\":\"Portada\",\"item\":\"https:\\\/\\\/piezapieza.com\\\/\"},{\"@type\":\"ListItem\",\"position\":2,\"name\":\"Front Page\"}]},{\"@type\":\"WebSite\",\"@id\":\"https:\\\/\\\/piezapieza.com\\\/#website\",\"url\":\"https:\\\/\\\/piezapieza.com\\\/\",\"name\":\"Pieza a Pieza\",\"description\":\"Preparaci\u00f3n de oposiciones\",\"publisher\":{\"@id\":\"https:\\\/\\\/piezapieza.com\\\/#organization\"},\"potentialAction\":[{\"@type\":\"SearchAction\",\"target\":{\"@type\":\"EntryPoint\",\"urlTemplate\":\"https:\\\/\\\/piezapieza.com\\\/?s={search_term_string}\"},\"query-input\":{\"@type\":\"PropertyValueSpecification\",\"valueRequired\":true,\"valueName\":\"search_term_string\"}}],\"inLanguage\":\"es\"},{\"@type\":\"Organization\",\"@id\":\"https:\\\/\\\/piezapieza.com\\\/#organization\",\"name\":\"Pieza a Pieza\",\"url\":\"https:\\\/\\\/piezapieza.com\\\/\",\"logo\":{\"@type\":\"ImageObject\",\"inLanguage\":\"es\",\"@id\":\"https:\\\/\\\/piezapieza.com\\\/#\\\/schema\\\/logo\\\/image\\\/\",\"url\":\"https:\\\/\\\/piezapieza.com\\\/wp-content\\\/uploads\\\/2021\\\/09\\\/WhatsApp-Image-2021-09-01-at-16.39.39.png\",\"contentUrl\":\"https:\\\/\\\/piezapieza.com\\\/wp-content\\\/uploads\\\/2021\\\/09\\\/WhatsApp-Image-2021-09-01-at-16.39.39.png\",\"width\":434,\"height\":436,\"caption\":\"Pieza a Pieza\"},\"image\":{\"@id\":\"https:\\\/\\\/piezapieza.com\\\/#\\\/schema\\\/logo\\\/image\\\/\"}}]}<\/script>\n<!-- \/ Yoast SEO plugin. -->","yoast_head_json":{"title":"Front Page - Pieza a Pieza","robots":{"index":"index","follow":"follow","max-snippet":"max-snippet:-1","max-image-preview":"max-image-preview:large","max-video-preview":"max-video-preview:-1"},"canonical":"https:\/\/piezapieza.com\/","og_locale":"es_ES","og_type":"article","og_title":"Front Page - Pieza a Pieza","og_description":"Temarios actualizados y supuestos pr\u00e1cticos Elaborados y modificados acordes a la legislaci\u00f3n vigente. programas de intervenci\u00f3n Innovadores y actualizados a legislaci\u00f3n vigente. contenido multimedia Grabado y seleccionado para apoyarte en tu preparaci\u00f3n. online presencial Accede a todos tus contenidos cuando y desde donde t\u00fa quieras.&nbsp;","og_url":"https:\/\/piezapieza.com\/","og_site_name":"Pieza a Pieza","article_modified_time":"2025-09-18T21:13:38+00:00","twitter_card":"summary_large_image","schema":{"@context":"https:\/\/schema.org","@graph":[{"@type":"WebPage","@id":"https:\/\/piezapieza.com\/","url":"https:\/\/piezapieza.com\/","name":"Front Page - Pieza a Pieza","isPartOf":{"@id":"https:\/\/piezapieza.com\/#website"},"datePublished":"2021-09-02T10:02:51+00:00","dateModified":"2025-09-18T21:13:38+00:00","breadcrumb":{"@id":"https:\/\/piezapieza.com\/#breadcrumb"},"inLanguage":"es","potentialAction":[{"@type":"ReadAction","target":["https:\/\/piezapieza.com\/"]}]},{"@type":"BreadcrumbList","@id":"https:\/\/piezapieza.com\/#breadcrumb","itemListElement":[{"@type":"ListItem","position":1,"name":"Portada","item":"https:\/\/piezapieza.com\/"},{"@type":"ListItem","position":2,"name":"Front Page"}]},{"@type":"WebSite","@id":"https:\/\/piezapieza.com\/#website","url":"https:\/\/piezapieza.com\/","name":"Pieza a Pieza","description":"Preparaci\u00f3n de oposiciones","publisher":{"@id":"https:\/\/piezapieza.com\/#organization"},"potentialAction":[{"@type":"SearchAction","target":{"@type":"EntryPoint","urlTemplate":"https:\/\/piezapieza.com\/?s={search_term_string}"},"query-input":{"@type":"PropertyValueSpecification","valueRequired":true,"valueName":"search_term_string"}}],"inLanguage":"es"},{"@type":"Organization","@id":"https:\/\/piezapieza.com\/#organization","name":"Pieza a Pieza","url":"https:\/\/piezapieza.com\/","logo":{"@type":"ImageObject","inLanguage":"es","@id":"https:\/\/piezapieza.com\/#\/schema\/logo\/image\/","url":"https:\/\/piezapieza.com\/wp-content\/uploads\/2021\/09\/WhatsApp-Image-2021-09-01-at-16.39.39.png","contentUrl":"https:\/\/piezapieza.com\/wp-content\/uploads\/2021\/09\/WhatsApp-Image-2021-09-01-at-16.39.39.png","width":434,"height":436,"caption":"Pieza a Pieza"},"image":{"@id":"https:\/\/piezapieza.com\/#\/schema\/logo\/image\/"}}]}},"_links":{"self":[{"href":"https:\/\/piezapieza.com\/index.php?rest_route=\/wp\/v2\/pages\/52","targetHints":{"allow":["GET"]}}],"collection":[{"href":"https:\/\/piezapieza.com\/index.php?rest_route=\/wp\/v2\/pages"}],"about":[{"href":"https:\/\/piezapieza.com\/index.php?rest_route=\/wp\/v2\/types\/page"}],"author":[{"embeddable":true,"href":"https:\/\/piezapieza.com\/index.php?rest_route=\/wp\/v2\/users\/2"}],"replies":[{"embeddable":true,"href":"https:\/\/piezapieza.com\/index.php?rest_route=%2Fwp%2Fv2%2Fcomments&post=52"}],"version-history":[{"count":20,"href":"https:\/\/piezapieza.com\/index.php?rest_route=\/wp\/v2\/pages\/52\/revisions"}],"predecessor-version":[{"id":771,"href":"https:\/\/piezapieza.com\/index.php?rest_route=\/wp\/v2\/pages\/52\/revisions\/771"}],"wp:attachment":[{"href":"https:\/\/piezapieza.com\/index.php?rest_route=%2Fwp%2Fv2%2Fmedia&parent=52"}],"curies":[{"name":"wp","href":"https:\/\/api.w.org\/{rel}","templated":true}]}}